{"id":2659,"date":"2017-12-05T11:00:10","date_gmt":"2017-12-05T09:00:10","guid":{"rendered":"https:\/\/www.free-wave.at\/?page_id=2659"},"modified":"2025-05-29T13:56:54","modified_gmt":"2025-05-29T11:56:54","slug":"u-nama","status":"publish","type":"page","link":"https:\/\/www.free-wave.at\/hr\/u-nama\/","title":{"rendered":"U nama"},"content":{"rendered":"<h3>Baza<\/h3>\n<p><strong>Na\u0161e osoblje \u0107e vas do\u010dekati TROGIRU \u00adYachtclub Seget marina Baoti\u0107.<\/strong><\/p>\n<p>Srednjovjekovni Trogir predstavlja vrata za srednju i ju\u017enu dalmatinsku obalu s otocima \u0160olta, Hvar, Bra\u010d, Kor\u010dula, Vis, Lastovo i Miljet. Svojom idealnom lokacijom predstavlja odli\u010dnu polaznu destinaciju cijele hrvatske jedrili\u010darske regije od sjeverne Sjeverne Dalmacije pa sve do Dubrovnika na krajnjem jugu.<\/p>\n<p><img loading=\"lazy\" decoding=\"async\" class=\"alignnone size-full wp-image-1877\" src=\"https:\/\/www.free-wave.at\/wp\/wp-content\/uploads\/2017\/12\/about-us-2.jpg\" alt=\"\" width=\"1000\" height=\"700\" srcset=\"https:\/\/www.free-wave.at\/wp\/wp-content\/uploads\/2017\/12\/about-us-2.jpg 1000w, https:\/\/www.free-wave.at\/wp\/wp-content\/uploads\/2017\/12\/about-us-2-300x210.jpg 300w, https:\/\/www.free-wave.at\/wp\/wp-content\/uploads\/2017\/12\/about-us-2-768x538.jpg 768w\" sizes=\"auto, (max-width: 1000px) 100vw, 1000px\" \/><\/p>\n<p>Base Manager:&nbsp;<strong>Mr. Bojan Mar\u010di\u0107<br \/>\n<\/strong><\/p>\n<p>Phone:&nbsp;<strong>+385 91 2212 257<\/strong><\/p>\n<p><a href=\"http:\/\/www.marinabaotic.com\/\">http:\/\/www.marinabaotic.com\/<\/a><\/p>\n<p>Radno vrijeme:<\/p>\n<p>Utorak &#8211; \u010cetvrtak: <strong>08:00h \u00ad 16:00h<\/strong><br \/>\nPetak i Subota: <strong>08:00h \u00ad 20:00h<\/strong><br \/>\nNedelja:&nbsp;<strong>Po dogovoru<\/strong><\/p>\n<p>Udaljenost zra\u010dne luke:<br \/>\n<strong>10 km do Splita<\/strong><\/p>\n<dl>\n<dt>Osigurani je dostupan u marini<\/dt>\n<dt><\/dt>\n<dt>Minimarket<br \/>\nradno vrijeme:&nbsp;<strong>08:00 \u2013 20:00<\/strong><\/dt>\n<dt>Vi\u0161e restorana u blizini i starom gradu. Za vi\u0161e informacija obratite se na\u0161em osoblju.<\/dt>\n<\/dl>\n","protected":false},"excerpt":{"rendered":"<p>Baza Na\u0161e osoblje \u0107e vas do\u010dekati TROGIRU \u00adYachtclub Seget marina Baoti\u0107. Srednjovjekovni Trogir predstavlja vrata za srednju i ju\u017enu dalmatinsku obalu s otocima \u0160olta, Hvar, Bra\u010d, Kor\u010dula, Vis, Lastovo i Miljet. Svojom idealnom lokacijom predstavlja odli\u010dnu polaznu destinaciju cijele hrvatske jedrili\u010darske regije od sjeverne Sjeverne Dalmacije pa sve do Dubrovnika na krajnjem jugu. Base Manager:&nbsp;Mr. &#8230;<\/p>\n","protected":false},"author":1,"featured_media":0,"parent":0,"menu_order":2,"comment_status":"closed","ping_status":"closed","template":"about.php","meta":{"_acf_changed":false,"inline_featured_image":false,"ngg_post_thumbnail":0,"footnotes":""},"class_list":["post-2659","page","type-page","status-publish","hentry"],"acf":[],"yoast_head":"<!-- This site is optimized with the Yoast SEO plugin v27.2 - https:\/\/yoast.com\/product\/yoast-seo-wordpress\/ -->\n<title>U nama - Freewave - Free Your Mind<\/title>\n<meta name=\"robots\" content=\"index, follow, max-snippet:-1, max-image-preview:large, max-video-preview:-1\" \/>\n<link rel=\"canonical\" href=\"https:\/\/www.free-wave.at\/hr\/u-nama\/\" \/>\n<meta property=\"og:locale\" content=\"hr_HR\" \/>\n<meta property=\"og:type\" content=\"article\" \/>\n<meta property=\"og:title\" content=\"U nama - Freewave - Free Your Mind\" \/>\n<meta property=\"og:description\" content=\"Baza Na\u0161e osoblje \u0107e vas do\u010dekati TROGIRU \u00adYachtclub Seget marina Baoti\u0107. Srednjovjekovni Trogir predstavlja vrata za srednju i ju\u017enu dalmatinsku obalu s otocima \u0160olta, Hvar, Bra\u010d, Kor\u010dula, Vis, Lastovo i Miljet. Svojom idealnom lokacijom predstavlja odli\u010dnu polaznu destinaciju cijele hrvatske jedrili\u010darske regije od sjeverne Sjeverne Dalmacije pa sve do Dubrovnika na krajnjem jugu. Base Manager:&nbsp;Mr. ...\" \/>\n<meta property=\"og:url\" content=\"https:\/\/www.free-wave.at\/hr\/u-nama\/\" \/>\n<meta property=\"og:site_name\" content=\"Freewave - Free Your Mind\" \/>\n<meta property=\"article:modified_time\" content=\"2025-05-29T11:56:54+00:00\" \/>\n<meta property=\"og:image\" content=\"https:\/\/www.free-wave.at\/wp\/wp-content\/uploads\/2017\/12\/about-us-2.jpg\" \/>\n<meta name=\"twitter:label1\" content=\"Procijenjeno vrijeme \u010ditanja\" \/>\n\t<meta name=\"twitter:data1\" content=\"1 minuta\" \/>\n<script type=\"application\/ld+json\" class=\"yoast-schema-graph\">{\"@context\":\"https:\/\/schema.org\",\"@graph\":[{\"@type\":\"WebPage\",\"@id\":\"https:\/\/www.free-wave.at\/hr\/u-nama\/\",\"url\":\"https:\/\/www.free-wave.at\/hr\/u-nama\/\",\"name\":\"U nama - Freewave - Free Your Mind\",\"isPartOf\":{\"@id\":\"https:\/\/www.free-wave.at\/#website\"},\"primaryImageOfPage\":{\"@id\":\"https:\/\/www.free-wave.at\/hr\/u-nama\/#primaryimage\"},\"image\":{\"@id\":\"https:\/\/www.free-wave.at\/hr\/u-nama\/#primaryimage\"},\"thumbnailUrl\":\"https:\/\/www.free-wave.at\/wp\/wp-content\/uploads\/2017\/12\/about-us-2.jpg\",\"datePublished\":\"2017-12-05T09:00:10+00:00\",\"dateModified\":\"2025-05-29T11:56:54+00:00\",\"breadcrumb\":{\"@id\":\"https:\/\/www.free-wave.at\/hr\/u-nama\/#breadcrumb\"},\"inLanguage\":\"hr\",\"potentialAction\":[{\"@type\":\"ReadAction\",\"target\":[\"https:\/\/www.free-wave.at\/hr\/u-nama\/\"]}]},{\"@type\":\"ImageObject\",\"inLanguage\":\"hr\",\"@id\":\"https:\/\/www.free-wave.at\/hr\/u-nama\/#primaryimage\",\"url\":\"https:\/\/www.free-wave.at\/wp\/wp-content\/uploads\/2017\/12\/about-us-2.jpg\",\"contentUrl\":\"https:\/\/www.free-wave.at\/wp\/wp-content\/uploads\/2017\/12\/about-us-2.jpg\"},{\"@type\":\"BreadcrumbList\",\"@id\":\"https:\/\/www.free-wave.at\/hr\/u-nama\/#breadcrumb\",\"itemListElement\":[{\"@type\":\"ListItem\",\"position\":1,\"name\":\"Home\",\"item\":\"https:\/\/www.free-wave.at\/hr\/\"},{\"@type\":\"ListItem\",\"position\":2,\"name\":\"U nama\"}]},{\"@type\":\"WebSite\",\"@id\":\"https:\/\/www.free-wave.at\/#website\",\"url\":\"https:\/\/www.free-wave.at\/\",\"name\":\"Freewave - Free Your Mind\",\"description\":\"Yachtcharter in Kroatien\",\"potentialAction\":[{\"@type\":\"SearchAction\",\"target\":{\"@type\":\"EntryPoint\",\"urlTemplate\":\"https:\/\/www.free-wave.at\/?s={search_term_string}\"},\"query-input\":{\"@type\":\"PropertyValueSpecification\",\"valueRequired\":true,\"valueName\":\"search_term_string\"}}],\"inLanguage\":\"hr\"}]}<\/script>\n<!-- \/ Yoast SEO plugin. -->","yoast_head_json":{"title":"U nama - Freewave - Free Your Mind","robots":{"index":"index","follow":"follow","max-snippet":"max-snippet:-1","max-image-preview":"max-image-preview:large","max-video-preview":"max-video-preview:-1"},"canonical":"https:\/\/www.free-wave.at\/hr\/u-nama\/","og_locale":"hr_HR","og_type":"article","og_title":"U nama - Freewave - Free Your Mind","og_description":"Baza Na\u0161e osoblje \u0107e vas do\u010dekati TROGIRU \u00adYachtclub Seget marina Baoti\u0107. Srednjovjekovni Trogir predstavlja vrata za srednju i ju\u017enu dalmatinsku obalu s otocima \u0160olta, Hvar, Bra\u010d, Kor\u010dula, Vis, Lastovo i Miljet. Svojom idealnom lokacijom predstavlja odli\u010dnu polaznu destinaciju cijele hrvatske jedrili\u010darske regije od sjeverne Sjeverne Dalmacije pa sve do Dubrovnika na krajnjem jugu. Base Manager:&nbsp;Mr. ...","og_url":"https:\/\/www.free-wave.at\/hr\/u-nama\/","og_site_name":"Freewave - Free Your Mind","article_modified_time":"2025-05-29T11:56:54+00:00","og_image":[{"url":"https:\/\/www.free-wave.at\/wp\/wp-content\/uploads\/2017\/12\/about-us-2.jpg","type":"","width":"","height":""}],"twitter_misc":{"Procijenjeno vrijeme \u010ditanja":"1 minuta"},"schema":{"@context":"https:\/\/schema.org","@graph":[{"@type":"WebPage","@id":"https:\/\/www.free-wave.at\/hr\/u-nama\/","url":"https:\/\/www.free-wave.at\/hr\/u-nama\/","name":"U nama - Freewave - Free Your Mind","isPartOf":{"@id":"https:\/\/www.free-wave.at\/#website"},"primaryImageOfPage":{"@id":"https:\/\/www.free-wave.at\/hr\/u-nama\/#primaryimage"},"image":{"@id":"https:\/\/www.free-wave.at\/hr\/u-nama\/#primaryimage"},"thumbnailUrl":"https:\/\/www.free-wave.at\/wp\/wp-content\/uploads\/2017\/12\/about-us-2.jpg","datePublished":"2017-12-05T09:00:10+00:00","dateModified":"2025-05-29T11:56:54+00:00","breadcrumb":{"@id":"https:\/\/www.free-wave.at\/hr\/u-nama\/#breadcrumb"},"inLanguage":"hr","potentialAction":[{"@type":"ReadAction","target":["https:\/\/www.free-wave.at\/hr\/u-nama\/"]}]},{"@type":"ImageObject","inLanguage":"hr","@id":"https:\/\/www.free-wave.at\/hr\/u-nama\/#primaryimage","url":"https:\/\/www.free-wave.at\/wp\/wp-content\/uploads\/2017\/12\/about-us-2.jpg","contentUrl":"https:\/\/www.free-wave.at\/wp\/wp-content\/uploads\/2017\/12\/about-us-2.jpg"},{"@type":"BreadcrumbList","@id":"https:\/\/www.free-wave.at\/hr\/u-nama\/#breadcrumb","itemListElement":[{"@type":"ListItem","position":1,"name":"Home","item":"https:\/\/www.free-wave.at\/hr\/"},{"@type":"ListItem","position":2,"name":"U nama"}]},{"@type":"WebSite","@id":"https:\/\/www.free-wave.at\/#website","url":"https:\/\/www.free-wave.at\/","name":"Freewave - Free Your Mind","description":"Yachtcharter in Kroatien","potentialAction":[{"@type":"SearchAction","target":{"@type":"EntryPoint","urlTemplate":"https:\/\/www.free-wave.at\/?s={search_term_string}"},"query-input":{"@type":"PropertyValueSpecification","valueRequired":true,"valueName":"search_term_string"}}],"inLanguage":"hr"}]}},"_links":{"self":[{"href":"https:\/\/www.free-wave.at\/hr\/wp-json\/wp\/v2\/pages\/2659","targetHints":{"allow":["GET"]}}],"collection":[{"href":"https:\/\/www.free-wave.at\/hr\/wp-json\/wp\/v2\/pages"}],"about":[{"href":"https:\/\/www.free-wave.at\/hr\/wp-json\/wp\/v2\/types\/page"}],"author":[{"embeddable":true,"href":"https:\/\/www.free-wave.at\/hr\/wp-json\/wp\/v2\/users\/1"}],"replies":[{"embeddable":true,"href":"https:\/\/www.free-wave.at\/hr\/wp-json\/wp\/v2\/comments?post=2659"}],"version-history":[{"count":6,"href":"https:\/\/www.free-wave.at\/hr\/wp-json\/wp\/v2\/pages\/2659\/revisions"}],"predecessor-version":[{"id":5342,"href":"https:\/\/www.free-wave.at\/hr\/wp-json\/wp\/v2\/pages\/2659\/revisions\/5342"}],"wp:attachment":[{"href":"https:\/\/www.free-wave.at\/hr\/wp-json\/wp\/v2\/media?parent=2659"}],"curies":[{"name":"wp","href":"https:\/\/api.w.org\/{rel}","templated":true}]}}