{"id":2701,"date":"2013-01-04T21:51:07","date_gmt":"2013-01-04T19:51:07","guid":{"rendered":"https:\/\/www.free-wave.at\/?page_id=2701"},"modified":"2022-01-03T11:56:28","modified_gmt":"2022-01-03T09:56:28","slug":"check-in-out","status":"publish","type":"page","link":"https:\/\/www.free-wave.at\/hr\/check-in-out\/","title":{"rendered":"Check in\/out"},"content":{"rendered":"<h2>Check in\/out informacije<\/h2>\n<ul>\n<li>Najkasnije 10 dana prije dolaska obavezno vratite(po\u0161aljite) popunjenu listu posade (obrazac \u0107e vam biti poslan nakon Va\u0161e rezervacije)<\/li>\n<li>Obavezni dokumenti koje trebate ponijeti sa sobom:\n<ul>\n<li>putovnica (osobna)<\/li>\n<li>charter ugovor(voucher)<\/li>\n<li>licenca\/potvrda za skippera<\/li>\n<li>Licenca za hrvatsku obalu, me\u0111unarodna dozvola za jedrenje (ako imate bilo kakvih dvojbi da li se va\u0161a nacionalna dozvola mo\u017ee koristiti u Hrvatskoj, obratite nam se unaprijed. Razjasnit \u0107emo valjanost u Hrvatskoj.<\/li>\n<li>VHF livenca<br \/>\nUklju\u010deno u dozvolu hrvatske obale (ako je izdana nakon 1993. godine)<\/li>\n<\/ul>\n<\/li>\n<li>Po dolasku u bazu prijavite se izravno u na\u0161 ured. Registracija uklju\u010duje podmirenje svih naknada i zavr\u0161etak dokumentacije kako bi se osigurala brza prijava. npr .:\n<ul>\n<li>Turisti\u010dka taksa (1 \u20ac po osobi na dan)<\/li>\n<li>Dozvola (tranzitni), zavr\u0161no \u010di\u0161\u0107enje, plin<\/li>\n<li>Dodaci(npr. vanbrodski motor)<\/li>\n<\/ul>\n<\/li>\n<li>Sigurnosni polog mora biti pla\u0107en prije ukrcaja &#8211; u gotovini ili kreditnom karticom. Naravno, polog \u0107e biti vra\u0107en nakon odjave ako se nije dogodila nikakva \u0161teta. Mogu\u0107e je kupiti depozit <a title=\"Check in\/out\" href=\"http:\/\/www.free-wave.at\/en\/check-inout\/#insurance\">osiguranje<\/a>.<\/li>\n<li>Nakon detaljnog brifinga s predstavnikom na iznajmljenoj jahti, bi\u0107e vam predani brodski dokumenti.<\/li>\n<\/ul>\n<h4>Prijava: subota do 05:00 &#8212;&#8211; Odjava: subota do 09:00. Za charter od nedjelje \/ nedjelje, odnosno charter u srijedu \/ srijedu, prijava se zavr\u0161ava do 13 sati<\/h4>\n<h3>Preporuke za va\u0161u prijavu &#8211; saznajte od na\u0161eg osoblje:<\/h3>\n<ol>\n<li>Crpka: na\u010din rada, uklju\u010divanje \/ isklju\u010divanje<\/li>\n<li>Instrumenti: Funkcija instrumenata (vjetar, dubina, brzina, udaljenost, GPS, ..)<\/li>\n<li>Sidro i lanac: obja\u0161njenje vitla<\/li>\n<li>Jedra: upute za uporabu jedara i u\u017eadi.<\/li>\n<li>Spremnici: provjerite jesu li spremnik za gorivo i vodu potpuno puni; napunite vodu u spremniku za vodu prije napu\u0161tanja marine<\/li>\n<li>Hladnjak: Uklju\u010dite ga, provjerite radi li.<\/li>\n<li>Glavni prekida\u010d: Upute za sve prekida\u010de i brojila.<\/li>\n<li>Kuhinja: ima li dovoljno jela, no\u017eeva, \u017elica, vilica, tava, posuda itd. Za va\u0161u posadu?<\/li>\n<li>Svjetla: Provjerite rade li (navigacija, kabina, ..)<\/li>\n<li>Motor: tijekom uklju\u010divanja i isklju\u010divanja motora alarm mora raditi (zvu\u010dni signal). Ru\u010dka brzine mora biti meka. Saznajte kako promijeniti remen motora, kako kontrolirati i mijenjati ulje.<\/li>\n<li>Plin: Provjerite glavni ventil, postoji li dodatni spremnik i alat za zamjenu na brodu?<\/li>\n<li>Prsluci za spa\u0161avanje: Jesu li prikladni za posadu (dovoljno dje\u010djih ili velikih veli\u010dina)? Gdje su pojasevi?<\/li>\n<li>Spremnik za fekalije: Kako ga isprazniti, kapacitet.<\/li>\n<li>Ventili za cijevi: gdje su oni, kako do\u0107i do njih, provjera?<\/li>\n<li>Toaleti: radi li ru\u010dna crpka?<\/li>\n<\/ol>\n<p><a name=\"insurance\"><\/a><\/p>\n<h2>Osiguranje<\/h2>\n<p>Kao alternativu sigurnosnom pologu (u gotovini ili kreditnom karticom) nudimo vam mogu\u0107nost uplate nepovratnog pologa:<\/p>\n<ul>\n<li>Nepovratna uplata u iznosu od: 200 \u20ac (3 kabine); 225 \u20ac (4 kabine); 250 \u20ac (5 kabina)<\/li>\n<li>Osigurat \u0107ete se od \u0161tete na plovilu i opremi tijekom plovidbe. Iznos ne\u0107e biti vra\u0107en<\/li>\n<\/ul>\n<p><a name=\"specials\"><\/a><\/p>\n<h2>Freewave specials<\/h2>\n<p>Na\u0161 je cilj organizirati va\u0161e jedrenjee \u0161to fleksibilnije. Stoga vam u izvansezonskom razdoblju nudimo pored standardnih subota \/ subota sljede\u0107e mogu\u0107nosti:<\/p>\n<ul>\n<li>Nedjelja \/ nedjelja \u010darter<\/li>\n<li>Srijeda \/ srijeda \u010darter<\/li>\n<li>10-dnevni \u010darter<\/li>\n<li>Vikend \u010darter<\/li>\n<li>Dnevni najam (po\u010dev\u0161i od 2 dana)<\/li>\n<\/ul>\n<p><strong>PREDNOSTI:<\/strong><\/p>\n<ul>\n<li>Nema prometnih gu\u017evi tijekom putovanja automobilom do baze i nazad<\/li>\n<li>Individualna i brza prijava<\/li>\n<\/ul>\n<h4>Dan preuzimanja bit \u0107e ve\u0107 prvi dan va\u0161eg jedrili\u010darskog izleta &#8211; Prijava \u0107e se zavr\u0161iti u 13 sati (umjesto u 17 sati)<\/h4>\n<p><a name=\"some\"><\/a><\/p>\n<h2>Savjeti za ugodno jedrenje<\/h2>\n<h3>Odje\u0107a i obu\u0107a<\/h3>\n<p>Ako namjeravate jedriti u svim uvjetima &#8211; osobito&nbsp; izvan sezone &#8211; morate imati vodootporno odijelo za jedrenje i \u010dizme s vama.<\/p>\n<p>Za one koji jedre samo od lipnja do kraja kolovoza dovoljno je uzeti laganu vjetrovku (vodootpornu), nekoliko majica, kratkih hla\u010dica, kupa\u0107i kostim, kapu i d\u017eemper za ve\u010deri. Tako\u0111er mo\u017eete uvijek koristiti duge hla\u010de. Na brodu ste ili bosonog i (\u0161to je najudobniji na\u010din, ali se ne preporu\u010da ako \u0107ete sudjelovati u jedrenju ili sli\u010dno), ili sportske cipele s gumom. Dodatni par za istra\u017eivanje obalu i japanke se preporu\u010duju. Nemojte putovati s putnim kov\u010dezima; zauzimaju puno prostora na jedrilici. Radije koristite sportske torbe. Za sportivo na\u010din savjetujemo vam da sa sobom ponesete svoju opremu za tr\u010danje &#8211; ne samo da \u0107ete napraviti skok u more nakon jutarnjeg tr\u010danja u dobrom raspolo\u017eenju, ve\u0107 \u0107ete bolje do\u017eiviti otok i mala mista.<\/p>\n<h3>Ostala oprema<\/h3>\n<p>U prilogu se nalazi popis korisnih stavki koje treba ponijeti:<\/p>\n<ol>\n<li>Deterd\u017eent, papirnati ru\u010dnici, ru\u010dnik za jelo, \u0161vicarski no\u017e, vre\u0107e za sme\u0107e<\/li>\n<li>Ljepljiva traka, svije\u0107e, upalja\u010d, baklja (traka za glavu), otvara\u010d za konzerve<\/li>\n<li>Igre, foto-fotoaparati, mobilni telefoni ili prijenosnici s punja\u010dem od 12 V.<\/li>\n<\/ol>\n<h3>Va\u017eni savjeti<\/h3>\n<ul>\n<li>\u010cim se motor broda zaustavi, isklju\u010dite hladnjak. Ina\u010de \u0107e vam hladnjak isprazniti baterije<\/li>\n<li>Ventil za plin uvijek se zatvara nakon kuhanja<\/li>\n<li>U slu\u010daju ja\u010deg vjetra uvijek stavite pojaseve<\/li>\n<li>Smanjite povr\u0161inu jedrenja na vrijeme<\/li>\n<li>U\u0161tedite na vodi (osim ako&nbsp; namjeravate i\u0107i u marinu svaka dva dana)<\/li>\n<li>\u010cim napustite luku ili zaljev, zatvorite sve ventile i slo\u017eite posu\u0111e<\/li>\n<li>U luci ili marini: s-l-o-w brzina<\/li>\n<li>Toaleti: bez tampona ili sli\u010dnih stvari<\/li>\n<\/ul>\n<h3>Vrijeme<\/h3>\n<p>Preporu\u010duju se sljede\u0107e usluge vremenske prognoze:<\/p>\n<p><a href=\"http:\/\/www.dhmz.htnet.hr\" target=\"_blank\" rel=\"noopener noreferrer\">www.dhmz.htnet.hr<\/a> -hrvatske meteorolo\u0161ke usluge, uklju\u010duju\u0107i detaljne karte i trodnevne odnosno sedmodnevne prognoze.<\/p>\n<p><a href=\"http:\/\/www.wetter.online.de\" target=\"_blank\" rel=\"noopener noreferrer\">www.wetter.online.de<\/a> &#8211; trodnevne prognoze<\/p>\n<p>Osim toga, radio Split emitira tri puta dnevno vremensku prognozu (pitajte osoblje marina koji kanal se koristi)<\/p>\n<p><a name=\"place\"><\/a><\/p>\n<h2>Naru\u010dite potrep\u0161tine<\/h2>\n<p>Nudimo mogu\u0107nost naru\u010divanja unaprijed. Pla\u0107anje \u0107e se izvr\u0161iti tijekom Va\u0161eg boravka u marini. Namirnice \u0107e biti isporu\u010dene izravno na jahtu. Samo slijedite <a href=\"http:\/\/www.jamyachtsupply.com\/?af=free-wave\" target=\"_blank\" rel=\"noopener noreferrer\">link<\/a><\/p>\n<p><a href=\"http:\/\/www.jamyachtsupply.com\/?af=free-wave\" target=\"_blank\" rel=\"noopener noreferrer\"><img loading=\"lazy\" decoding=\"async\" class=\"alignnone wp-image-2708 size-full\" src=\"https:\/\/www.free-wave.at\/wp\/wp-content\/uploads\/2013\/01\/JamYS_300x50_en.jpg\" alt=\"JamYS_300x50_en\" width=\"300\" height=\"50\"><\/a><\/p>\n<div class=\"clear\">&nbsp;<\/div>\n<p><a name=\"charter\"><\/a><\/p>\n<h2>Charter contract (general terms and conditions)<\/h2>\n<p><a href=\"https:\/\/www.free-wave.at\/wp\/wp-content\/uploads\/2015\/08\/FAIRCharter_Terms_en.pdf\" target=\"_blank\" rel=\"noopener noreferrer\">Download conditions of agreement for bare-boat charter<\/a><\/p>\n<p>&nbsp;<\/p>\n","protected":false},"excerpt":{"rendered":"<p>Check in\/out informacije Najkasnije 10 dana prije dolaska obavezno vratite(po\u0161aljite) popunjenu listu posade (obrazac \u0107e vam biti poslan nakon Va\u0161e rezervacije) Obavezni dokumenti koje trebate ponijeti sa sobom: putovnica (osobna) charter ugovor(voucher) licenca\/potvrda za skippera Licenca za hrvatsku obalu, me\u0111unarodna dozvola za jedrenje (ako imate bilo kakvih dvojbi da li se va\u0161a nacionalna dozvola mo\u017ee &#8230;<\/p>\n","protected":false},"author":1,"featured_media":2709,"parent":0,"menu_order":5,"comment_status":"closed","ping_status":"closed","template":"","meta":{"_acf_changed":false,"inline_featured_image":false,"ngg_post_thumbnail":0,"footnotes":""},"class_list":["post-2701","page","type-page","status-publish","has-post-thumbnail","hentry"],"acf":[],"yoast_head":"<!-- This site is optimized with the Yoast SEO plugin v27.2 - https:\/\/yoast.com\/product\/yoast-seo-wordpress\/ -->\n<title>Check in\/out - Freewave - Free Your Mind<\/title>\n<meta name=\"robots\" content=\"index, follow, max-snippet:-1, max-image-preview:large, max-video-preview:-1\" \/>\n<link rel=\"canonical\" href=\"https:\/\/www.free-wave.at\/hr\/check-in-out\/\" \/>\n<meta property=\"og:locale\" content=\"hr_HR\" \/>\n<meta property=\"og:type\" content=\"article\" \/>\n<meta property=\"og:title\" content=\"Check in\/out - Freewave - Free Your Mind\" \/>\n<meta property=\"og:description\" content=\"Check in\/out informacije Najkasnije 10 dana prije dolaska obavezno vratite(po\u0161aljite) popunjenu listu posade (obrazac \u0107e vam biti poslan nakon Va\u0161e rezervacije) Obavezni dokumenti koje trebate ponijeti sa sobom: putovnica (osobna) charter ugovor(voucher) licenca\/potvrda za skippera Licenca za hrvatsku obalu, me\u0111unarodna dozvola za jedrenje (ako imate bilo kakvih dvojbi da li se va\u0161a nacionalna dozvola mo\u017ee ...\" \/>\n<meta property=\"og:url\" content=\"https:\/\/www.free-wave.at\/hr\/check-in-out\/\" \/>\n<meta property=\"og:site_name\" content=\"Freewave - Free Your Mind\" \/>\n<meta property=\"article:modified_time\" content=\"2022-01-03T09:56:28+00:00\" \/>\n<meta property=\"og:image\" content=\"https:\/\/www.free-wave.at\/wp\/wp-content\/uploads\/2013\/01\/checkin.jpg\" \/>\n\t<meta property=\"og:image:width\" content=\"1200\" \/>\n\t<meta property=\"og:image:height\" content=\"255\" \/>\n\t<meta property=\"og:image:type\" content=\"image\/jpeg\" \/>\n<meta name=\"twitter:label1\" content=\"Procijenjeno vrijeme \u010ditanja\" \/>\n\t<meta name=\"twitter:data1\" content=\"5 minuta\" \/>\n<script type=\"application\/ld+json\" class=\"yoast-schema-graph\">{\"@context\":\"https:\/\/schema.org\",\"@graph\":[{\"@type\":\"WebPage\",\"@id\":\"https:\/\/www.free-wave.at\/hr\/check-in-out\/\",\"url\":\"https:\/\/www.free-wave.at\/hr\/check-in-out\/\",\"name\":\"Check in\/out - Freewave - Free Your Mind\",\"isPartOf\":{\"@id\":\"https:\/\/www.free-wave.at\/#website\"},\"primaryImageOfPage\":{\"@id\":\"https:\/\/www.free-wave.at\/hr\/check-in-out\/#primaryimage\"},\"image\":{\"@id\":\"https:\/\/www.free-wave.at\/hr\/check-in-out\/#primaryimage\"},\"thumbnailUrl\":\"https:\/\/www.free-wave.at\/wp\/wp-content\/uploads\/2013\/01\/checkin.jpg\",\"datePublished\":\"2013-01-04T19:51:07+00:00\",\"dateModified\":\"2022-01-03T09:56:28+00:00\",\"breadcrumb\":{\"@id\":\"https:\/\/www.free-wave.at\/hr\/check-in-out\/#breadcrumb\"},\"inLanguage\":\"hr\",\"potentialAction\":[{\"@type\":\"ReadAction\",\"target\":[\"https:\/\/www.free-wave.at\/hr\/check-in-out\/\"]}]},{\"@type\":\"ImageObject\",\"inLanguage\":\"hr\",\"@id\":\"https:\/\/www.free-wave.at\/hr\/check-in-out\/#primaryimage\",\"url\":\"https:\/\/www.free-wave.at\/wp\/wp-content\/uploads\/2013\/01\/checkin.jpg\",\"contentUrl\":\"https:\/\/www.free-wave.at\/wp\/wp-content\/uploads\/2013\/01\/checkin.jpg\",\"width\":1200,\"height\":255},{\"@type\":\"BreadcrumbList\",\"@id\":\"https:\/\/www.free-wave.at\/hr\/check-in-out\/#breadcrumb\",\"itemListElement\":[{\"@type\":\"ListItem\",\"position\":1,\"name\":\"Home\",\"item\":\"https:\/\/www.free-wave.at\/hr\/\"},{\"@type\":\"ListItem\",\"position\":2,\"name\":\"Check in\/out\"}]},{\"@type\":\"WebSite\",\"@id\":\"https:\/\/www.free-wave.at\/#website\",\"url\":\"https:\/\/www.free-wave.at\/\",\"name\":\"Freewave - Free Your Mind\",\"description\":\"Yachtcharter in Kroatien\",\"potentialAction\":[{\"@type\":\"SearchAction\",\"target\":{\"@type\":\"EntryPoint\",\"urlTemplate\":\"https:\/\/www.free-wave.at\/?s={search_term_string}\"},\"query-input\":{\"@type\":\"PropertyValueSpecification\",\"valueRequired\":true,\"valueName\":\"search_term_string\"}}],\"inLanguage\":\"hr\"}]}<\/script>\n<!-- \/ Yoast SEO plugin. -->","yoast_head_json":{"title":"Check in\/out - Freewave - Free Your Mind","robots":{"index":"index","follow":"follow","max-snippet":"max-snippet:-1","max-image-preview":"max-image-preview:large","max-video-preview":"max-video-preview:-1"},"canonical":"https:\/\/www.free-wave.at\/hr\/check-in-out\/","og_locale":"hr_HR","og_type":"article","og_title":"Check in\/out - Freewave - Free Your Mind","og_description":"Check in\/out informacije Najkasnije 10 dana prije dolaska obavezno vratite(po\u0161aljite) popunjenu listu posade (obrazac \u0107e vam biti poslan nakon Va\u0161e rezervacije) Obavezni dokumenti koje trebate ponijeti sa sobom: putovnica (osobna) charter ugovor(voucher) licenca\/potvrda za skippera Licenca za hrvatsku obalu, me\u0111unarodna dozvola za jedrenje (ako imate bilo kakvih dvojbi da li se va\u0161a nacionalna dozvola mo\u017ee ...","og_url":"https:\/\/www.free-wave.at\/hr\/check-in-out\/","og_site_name":"Freewave - Free Your Mind","article_modified_time":"2022-01-03T09:56:28+00:00","og_image":[{"width":1200,"height":255,"url":"https:\/\/www.free-wave.at\/wp\/wp-content\/uploads\/2013\/01\/checkin.jpg","type":"image\/jpeg"}],"twitter_misc":{"Procijenjeno vrijeme \u010ditanja":"5 minuta"},"schema":{"@context":"https:\/\/schema.org","@graph":[{"@type":"WebPage","@id":"https:\/\/www.free-wave.at\/hr\/check-in-out\/","url":"https:\/\/www.free-wave.at\/hr\/check-in-out\/","name":"Check in\/out - Freewave - Free Your Mind","isPartOf":{"@id":"https:\/\/www.free-wave.at\/#website"},"primaryImageOfPage":{"@id":"https:\/\/www.free-wave.at\/hr\/check-in-out\/#primaryimage"},"image":{"@id":"https:\/\/www.free-wave.at\/hr\/check-in-out\/#primaryimage"},"thumbnailUrl":"https:\/\/www.free-wave.at\/wp\/wp-content\/uploads\/2013\/01\/checkin.jpg","datePublished":"2013-01-04T19:51:07+00:00","dateModified":"2022-01-03T09:56:28+00:00","breadcrumb":{"@id":"https:\/\/www.free-wave.at\/hr\/check-in-out\/#breadcrumb"},"inLanguage":"hr","potentialAction":[{"@type":"ReadAction","target":["https:\/\/www.free-wave.at\/hr\/check-in-out\/"]}]},{"@type":"ImageObject","inLanguage":"hr","@id":"https:\/\/www.free-wave.at\/hr\/check-in-out\/#primaryimage","url":"https:\/\/www.free-wave.at\/wp\/wp-content\/uploads\/2013\/01\/checkin.jpg","contentUrl":"https:\/\/www.free-wave.at\/wp\/wp-content\/uploads\/2013\/01\/checkin.jpg","width":1200,"height":255},{"@type":"BreadcrumbList","@id":"https:\/\/www.free-wave.at\/hr\/check-in-out\/#breadcrumb","itemListElement":[{"@type":"ListItem","position":1,"name":"Home","item":"https:\/\/www.free-wave.at\/hr\/"},{"@type":"ListItem","position":2,"name":"Check in\/out"}]},{"@type":"WebSite","@id":"https:\/\/www.free-wave.at\/#website","url":"https:\/\/www.free-wave.at\/","name":"Freewave - Free Your Mind","description":"Yachtcharter in Kroatien","potentialAction":[{"@type":"SearchAction","target":{"@type":"EntryPoint","urlTemplate":"https:\/\/www.free-wave.at\/?s={search_term_string}"},"query-input":{"@type":"PropertyValueSpecification","valueRequired":true,"valueName":"search_term_string"}}],"inLanguage":"hr"}]}},"_links":{"self":[{"href":"https:\/\/www.free-wave.at\/hr\/wp-json\/wp\/v2\/pages\/2701","targetHints":{"allow":["GET"]}}],"collection":[{"href":"https:\/\/www.free-wave.at\/hr\/wp-json\/wp\/v2\/pages"}],"about":[{"href":"https:\/\/www.free-wave.at\/hr\/wp-json\/wp\/v2\/types\/page"}],"author":[{"embeddable":true,"href":"https:\/\/www.free-wave.at\/hr\/wp-json\/wp\/v2\/users\/1"}],"replies":[{"embeddable":true,"href":"https:\/\/www.free-wave.at\/hr\/wp-json\/wp\/v2\/comments?post=2701"}],"version-history":[{"count":7,"href":"https:\/\/www.free-wave.at\/hr\/wp-json\/wp\/v2\/pages\/2701\/revisions"}],"predecessor-version":[{"id":3623,"href":"https:\/\/www.free-wave.at\/hr\/wp-json\/wp\/v2\/pages\/2701\/revisions\/3623"}],"wp:featuredmedia":[{"embeddable":true,"href":"https:\/\/www.free-wave.at\/hr\/wp-json\/wp\/v2\/media\/2709"}],"wp:attachment":[{"href":"https:\/\/www.free-wave.at\/hr\/wp-json\/wp\/v2\/media?parent=2701"}],"curies":[{"name":"wp","href":"https:\/\/api.w.org\/{rel}","templated":true}]}}